{"id":61,"date":"2024-08-14T19:42:59","date_gmt":"2024-08-14T19:42:59","guid":{"rendered":"https:\/\/frutoslaaguada.com\/servicios\/"},"modified":"2025-04-21T15:45:20","modified_gmt":"2025-04-21T15:45:20","slug":"sostenibilidad","status":"publish","type":"page","link":"https:\/\/frutoslaaguada.com\/en\/sostenibilidad\/","title":{"rendered":"Sustainability"},"content":{"rendered":"<div class=\"wp-block-cover alignwide is-light has-parallax is-style-default mb-0 mt-0\" style=\"min-height:400px;aspect-ratio:unset;\"><span aria-hidden=\"true\" class=\"wp-block-cover__background has-background-dim-20 has-background-dim\" style=\"background-color:#163025\"><\/span><div class=\"wp-block-cover__image-background wp-image-977 has-parallax\" style=\"background-position:50% 50%;background-image:url(https:\/\/frutoslaaguada.com\/wp-content\/uploads\/2024\/11\/MAX_0025-3-scaled.jpg)\"><\/div><div class=\"wp-block-cover__inner-container is-layout-flow wp-block-cover-is-layout-flow\">\n<h1 class=\"wp-block-heading has-text-align-center has-quaternary-color has-text-color has-link-color wp-elements-bcb78b5494fc3edd8cecd119dc68f69d\" style=\"font-size:78px\">Sustainability<\/h1>\n<\/div><\/div>\n\n\n\n<div class=\"wp-block-group alignwide has-tertiary-background-color has-background mb-0 mt-0\"><div class=\"wp-block-group__inner-container is-layout-constrained wp-block-group-is-layout-constrained\">\n<div class=\"wp-block-columns alignfull go-shadow-box coblocks-animate is-layout-flex wp-container-core-columns-is-layout-9d6595d7 wp-block-columns-is-layout-flex\" data-coblocks-animation=\"slideInBottom\">\n<div class=\"wp-block-column has-quaternary-background-color has-background is-layout-flow wp-block-column-is-layout-flow\" style=\"padding-top:1%;padding-right:1%;padding-bottom:12%;padding-left:1%;flex-basis:50%\" id=\"social\">\n<h3 class=\"wp-block-heading\">Social<\/h3>\n\n\n\n<figure class=\"wp-block-image size-large mb-0 mt-0\"><img fetchpriority=\"high\" decoding=\"async\" width=\"1024\" height=\"768\" src=\"https:\/\/frutoslaaguada.com\/wp-content\/uploads\/2024\/11\/DSC00573-1-1024x768.jpg\" alt=\"\" class=\"wp-image-978\" style=\"aspect-ratio:3\/4;object-fit:cover\" srcset=\"https:\/\/frutoslaaguada.com\/wp-content\/uploads\/2024\/11\/DSC00573-1-1024x768.jpg 1024w, https:\/\/frutoslaaguada.com\/wp-content\/uploads\/2024\/11\/DSC00573-1-300x225.jpg 300w, https:\/\/frutoslaaguada.com\/wp-content\/uploads\/2024\/11\/DSC00573-1-768x576.jpg 768w, https:\/\/frutoslaaguada.com\/wp-content\/uploads\/2024\/11\/DSC00573-1-1536x1152.jpg 1536w, https:\/\/frutoslaaguada.com\/wp-content\/uploads\/2024\/11\/DSC00573-1-2048x1536.jpg 2048w, https:\/\/frutoslaaguada.com\/wp-content\/uploads\/2024\/11\/DSC00573-1-16x12.jpg 16w\" sizes=\"(max-width: 1024px) 100vw, 1024px\" \/><\/figure>\n\n\n\n<p><\/p>\n\n\n\n<p class=\"has-text-align-left\">We build strong and lasting relationships with the people who make up the communities in the territories where we operate, through transparent communication and a collaborative approach that allows us to support them in developing a better quality of life.<\/p>\n\n\n\n<p><\/p>\n<\/div>\n\n\n\n<div class=\"wp-block-column has-quaternary-background-color has-background is-layout-flow wp-block-column-is-layout-flow\" style=\"padding-top:1%;padding-right:1%;padding-bottom:3%;padding-left:1%;flex-basis:50%\" id=\"ambiental\">\n<h3 class=\"wp-block-heading\">Environmental<\/h3>\n\n\n\n<figure class=\"wp-block-image size-large mb-0 mt-0\"><img decoding=\"async\" width=\"1024\" height=\"768\" src=\"https:\/\/frutoslaaguada.com\/wp-content\/uploads\/2024\/11\/DSC06878-1024x768.jpg\" alt=\"\" class=\"wp-image-980\" style=\"aspect-ratio:3\/4;object-fit:cover\" srcset=\"https:\/\/frutoslaaguada.com\/wp-content\/uploads\/2024\/11\/DSC06878-1024x768.jpg 1024w, https:\/\/frutoslaaguada.com\/wp-content\/uploads\/2024\/11\/DSC06878-300x225.jpg 300w, https:\/\/frutoslaaguada.com\/wp-content\/uploads\/2024\/11\/DSC06878-768x576.jpg 768w, https:\/\/frutoslaaguada.com\/wp-content\/uploads\/2024\/11\/DSC06878-1536x1152.jpg 1536w, https:\/\/frutoslaaguada.com\/wp-content\/uploads\/2024\/11\/DSC06878-2048x1536.jpg 2048w, https:\/\/frutoslaaguada.com\/wp-content\/uploads\/2024\/11\/DSC06878-16x12.jpg 16w\" sizes=\"(max-width: 1024px) 100vw, 1024px\" \/><\/figure>\n\n\n\n<p><\/p>\n\n\n\n<p class=\"has-text-align-left\">We are aware of the importance of caring for and preserving the environment, as well as the efficient and responsible management of natural resources. We are constantly seeking alternatives to minimize the impact of our production processes and reduce our energy consumption and waste generation. We also have an environmental policy that commits us to the care and preservation of our surroundings, with the main motivation of sustainable development.<\/p>\n\n\n\n<p><\/p>\n<\/div>\n<\/div>\n\n\n\n<div class=\"wp-block-columns is-layout-flex wp-container-core-columns-is-layout-b934f1a7 wp-block-columns-is-layout-flex\" style=\"padding-top:0;padding-right:var(--wp--preset--spacing--20);padding-bottom:0;padding-left:var(--wp--preset--spacing--20)\">\n<div class=\"wp-block-column has-quaternary-background-color has-background is-layout-flow wp-block-column-is-layout-flow\" style=\"padding-top:var(--wp--preset--spacing--20);padding-right:var(--wp--preset--spacing--20);padding-bottom:var(--wp--preset--spacing--20);padding-left:var(--wp--preset--spacing--20)\">\n<h4 class=\"wp-block-heading\">M\u00e1s La Aguada<\/h4>\n\n\n\n<div class=\"wp-block-media-text has-media-on-the-right is-stacked-on-mobile\" style=\"grid-template-columns:auto 37%\"><div class=\"wp-block-media-text__content\">\n<p>Since 2022 we have an area dedicated to community relations and the development of initiatives related to corporate social responsibility.<\/p>\n\n\n\n<p>Revisa nuestros boletines <a href=\"https:\/\/frutoslaaguada.com\/en\/boletines-mas-la-aguada\/\">aqu\u00ed<\/a>.<\/p>\n\n\n\n<p><\/p>\n<\/div><figure class=\"wp-block-media-text__media\"><img decoding=\"async\" width=\"1024\" height=\"1020\" src=\"https:\/\/frutoslaaguada.com\/wp-content\/uploads\/2024\/08\/Recurso-2@300x-1024x1020.png\" alt=\"\" class=\"wp-image-349 size-full\" srcset=\"https:\/\/frutoslaaguada.com\/wp-content\/uploads\/2024\/08\/Recurso-2@300x-1024x1020.png 1024w, https:\/\/frutoslaaguada.com\/wp-content\/uploads\/2024\/08\/Recurso-2@300x-300x300.png 300w, https:\/\/frutoslaaguada.com\/wp-content\/uploads\/2024\/08\/Recurso-2@300x-150x150.png 150w, https:\/\/frutoslaaguada.com\/wp-content\/uploads\/2024\/08\/Recurso-2@300x-768x765.png 768w, https:\/\/frutoslaaguada.com\/wp-content\/uploads\/2024\/08\/Recurso-2@300x.png 1201w\" sizes=\"(max-width: 1024px) 100vw, 1024px\" \/><\/figure><\/div>\n\n\n\n<div class=\"wp-block-media-text is-stacked-on-mobile\" style=\"grid-template-columns:48% auto\"><figure class=\"wp-block-media-text__media\"><img loading=\"lazy\" decoding=\"async\" width=\"512\" height=\"1024\" src=\"https:\/\/frutoslaaguada.com\/wp-content\/uploads\/2024\/08\/saaa-1-512x1024.jpg\" alt=\"\" class=\"wp-image-467 size-full\" srcset=\"https:\/\/frutoslaaguada.com\/wp-content\/uploads\/2024\/08\/saaa-1-512x1024.jpg 512w, https:\/\/frutoslaaguada.com\/wp-content\/uploads\/2024\/08\/saaa-1-150x300.jpg 150w, https:\/\/frutoslaaguada.com\/wp-content\/uploads\/2024\/08\/saaa-1-768x1536.jpg 768w, https:\/\/frutoslaaguada.com\/wp-content\/uploads\/2024\/08\/saaa-1.jpg 772w\" sizes=\"(max-width: 512px) 100vw, 512px\" \/><\/figure><div class=\"wp-block-media-text__content\">\n<p>Through a vision based on mutual respect, joint work, closeness and humility, we want to continue advancing in the construction of growth opportunities for the communities, without losing the imprint of the natural and rural environment in which we work.<\/p>\n<\/div><\/div>\n\n\n\n<p><\/p>\n\n\n\n<h4 class=\"wp-block-heading\">Education<\/h4>\n\n\n\n<p>We believe that the best way to support people is through the tools provided by education, which enables both individual development and collective progress.<\/p>\n\n\n\n<figure class=\"wp-block-image size-large is-resized\"><img loading=\"lazy\" decoding=\"async\" width=\"1024\" height=\"476\" src=\"https:\/\/frutoslaaguada.com\/wp-content\/uploads\/2024\/08\/406280353_884465573370077_8583682071853393161_n-1-1024x476.jpeg\" alt=\"\" class=\"wp-image-453\" style=\"width:560px;height:auto\" srcset=\"https:\/\/frutoslaaguada.com\/wp-content\/uploads\/2024\/08\/406280353_884465573370077_8583682071853393161_n-1-1024x476.jpeg 1024w, https:\/\/frutoslaaguada.com\/wp-content\/uploads\/2024\/08\/406280353_884465573370077_8583682071853393161_n-1-300x139.jpeg 300w, https:\/\/frutoslaaguada.com\/wp-content\/uploads\/2024\/08\/406280353_884465573370077_8583682071853393161_n-1-768x357.jpeg 768w, https:\/\/frutoslaaguada.com\/wp-content\/uploads\/2024\/08\/406280353_884465573370077_8583682071853393161_n-1.jpeg 1496w\" sizes=\"(max-width: 1024px) 100vw, 1024px\" \/><\/figure>\n\n\n\n<p>In this perspective, we want to share with the students of the regions in which we are present, to help them broaden their horizons, find new opportunities, reduce school dropout rates and become a support network that contributes to the promotion of opportunities and reduces social inequality.<\/p>\n\n\n\n<p>In this important path we work hand in hand with ONG Canales, which specializes in technical and professional training.<\/p>\n<\/div>\n\n\n\n<div class=\"wp-block-column has-quaternary-background-color has-background is-layout-flow wp-block-column-is-layout-flow\" style=\"padding-top:var(--wp--preset--spacing--20);padding-right:var(--wp--preset--spacing--20);padding-bottom:var(--wp--preset--spacing--20);padding-left:var(--wp--preset--spacing--20)\">\n<h4 class=\"wp-block-heading\">Environmental Policy<\/h4>\n\n\n\n<div class=\"wp-block-media-text has-media-on-the-right is-stacked-on-mobile is-image-fill-element\" style=\"grid-template-columns:auto 47%\"><div class=\"wp-block-media-text__content\">\n<p>The fundamental pillars that govern our actions with respect to the environment are:<\/p>\n\n\n\n<ul class=\"wp-block-list\">\n<li>Land management<\/li>\n\n\n\n<li>Crop protection<\/li>\n\n\n\n<li>Energy efficiency<\/li>\n\n\n\n<li>Landscape and nature preservation<\/li>\n\n\n\n<li>Efficient use and reduction of the use of natural resources through renewable raw materials and recycled products<\/li>\n\n\n\n<li>Water management<\/li>\n<\/ul>\n<\/div><figure class=\"wp-block-media-text__media\"><img loading=\"lazy\" decoding=\"async\" width=\"768\" height=\"1024\" src=\"https:\/\/frutoslaaguada.com\/wp-content\/uploads\/2024\/11\/DSC00733-768x1024.jpg\" alt=\"\" class=\"wp-image-983 size-full\" style=\"object-position:50% 50%\" srcset=\"https:\/\/frutoslaaguada.com\/wp-content\/uploads\/2024\/11\/DSC00733-768x1024.jpg 768w, https:\/\/frutoslaaguada.com\/wp-content\/uploads\/2024\/11\/DSC00733-225x300.jpg 225w, https:\/\/frutoslaaguada.com\/wp-content\/uploads\/2024\/11\/DSC00733-1152x1536.jpg 1152w, https:\/\/frutoslaaguada.com\/wp-content\/uploads\/2024\/11\/DSC00733-1536x2048.jpg 1536w, https:\/\/frutoslaaguada.com\/wp-content\/uploads\/2024\/11\/DSC00733-9x12.jpg 9w, https:\/\/frutoslaaguada.com\/wp-content\/uploads\/2024\/11\/DSC00733-scaled.jpg 1920w\" sizes=\"(max-width: 768px) 100vw, 768px\" \/><\/figure><\/div>\n\n\n\n<h4 class=\"wp-block-heading\">Waste management<\/h4>\n\n\n\n<p>We have a waste and pollutant management plan that establishes waste management guidelines and control measures at our facilities. We also segregate household waste that can be recycled or reused.<\/p>\n\n\n\n<div class=\"wp-block-media-text is-stacked-on-mobile\" style=\"grid-template-columns:30% auto\"><figure class=\"wp-block-media-text__media\"><img loading=\"lazy\" decoding=\"async\" width=\"1024\" height=\"1024\" src=\"https:\/\/frutoslaaguada.com\/wp-content\/uploads\/2024\/08\/Diseno-sin-titulo-5-2-1024x1024.jpg\" alt=\"\" class=\"wp-image-421 size-full\" srcset=\"https:\/\/frutoslaaguada.com\/wp-content\/uploads\/2024\/08\/Diseno-sin-titulo-5-2-1024x1024.jpg 1024w, https:\/\/frutoslaaguada.com\/wp-content\/uploads\/2024\/08\/Diseno-sin-titulo-5-2-300x300.jpg 300w, https:\/\/frutoslaaguada.com\/wp-content\/uploads\/2024\/08\/Diseno-sin-titulo-5-2-150x150.jpg 150w, https:\/\/frutoslaaguada.com\/wp-content\/uploads\/2024\/08\/Diseno-sin-titulo-5-2-768x768.jpg 768w, https:\/\/frutoslaaguada.com\/wp-content\/uploads\/2024\/08\/Diseno-sin-titulo-5-2.jpg 1080w\" sizes=\"(max-width: 1024px) 100vw, 1024px\" \/><\/figure><div class=\"wp-block-media-text__content\">\n<p>Traceability of all waste, from origin to final disposal, is maintained and updated on the Ministry of the Environment's platform.<\/p>\n<\/div><\/div>\n\n\n\n<p><\/p>\n\n\n\n<h4 class=\"wp-block-heading\">Water management<\/h4>\n\n\n\n<div class=\"wp-block-media-text has-media-on-the-right is-stacked-on-mobile is-image-fill-element\" style=\"grid-template-columns:auto 46%\"><div class=\"wp-block-media-text__content\">\n<p>Our water management plan is applied at all levels of the production process. For our crops we use drip irrigation, which allows a better use of water through its application by proximity to the plants through a variable number of emission points. <\/p>\n\n\n\n<p>We also have a telemetric irrigation system, which combines the use of sensors, control devices and remote communication to measure soil moisture, temperature and solar radiation to determine how much water the crop actually needs.<\/p>\n<\/div><figure class=\"wp-block-media-text__media\"><img loading=\"lazy\" decoding=\"async\" width=\"1024\" height=\"683\" src=\"https:\/\/frutoslaaguada.com\/wp-content\/uploads\/2024\/11\/MAX_0015-1024x683.jpg\" alt=\"\" class=\"wp-image-984 size-full\" style=\"object-position:50% 50%\" srcset=\"https:\/\/frutoslaaguada.com\/wp-content\/uploads\/2024\/11\/MAX_0015-1024x683.jpg 1024w, https:\/\/frutoslaaguada.com\/wp-content\/uploads\/2024\/11\/MAX_0015-300x200.jpg 300w, https:\/\/frutoslaaguada.com\/wp-content\/uploads\/2024\/11\/MAX_0015-768x512.jpg 768w, https:\/\/frutoslaaguada.com\/wp-content\/uploads\/2024\/11\/MAX_0015-1536x1024.jpg 1536w, https:\/\/frutoslaaguada.com\/wp-content\/uploads\/2024\/11\/MAX_0015-2048x1365.jpg 2048w, https:\/\/frutoslaaguada.com\/wp-content\/uploads\/2024\/11\/MAX_0015-18x12.jpg 18w\" sizes=\"(max-width: 1024px) 100vw, 1024px\" \/><\/figure><\/div>\n<\/div>\n<\/div>\n\n\n\n<p><\/p>\n<\/div><\/div>","protected":false},"excerpt":{"rendered":"<p>Social Construimos relaciones s\u00f3lidas y duraderas con las personas que integran las comunidades de los territorios en que operamos, a trav\u00e9s de una comunicaci\u00f3n transparente y una mirada colaborativa que nos permiten apoyarles en el desarrollo de una mejor calidad de vida. Ambiental Somos conscientes de la importancia de cuidar y preservar el medio ambiente, [&hellip;]<\/p>\n","protected":false},"author":1,"featured_media":0,"parent":0,"menu_order":0,"comment_status":"closed","ping_status":"closed","template":"","meta":{"_coblocks_attr":"","_coblocks_dimensions":"","_coblocks_responsive_height":"","_coblocks_accordion_ie_support":"","hide_page_title":"enabled","footnotes":""},"class_list":["post-61","page","type-page","status-publish","hentry"],"yoast_head":"<!-- This site is optimized with the Yoast SEO plugin v27.4 - https:\/\/yoast.com\/product\/yoast-seo-wordpress\/ -->\n<title>Sostenibilidad - La Aguada<\/title>\n<meta name=\"robots\" content=\"index, follow, max-snippet:-1, max-image-preview:large, max-video-preview:-1\" \/>\n<link rel=\"canonical\" href=\"https:\/\/frutoslaaguada.com\/en\/sostenibilidad\/\" \/>\n<meta property=\"og:locale\" content=\"en_US\" \/>\n<meta property=\"og:type\" content=\"article\" \/>\n<meta property=\"og:title\" content=\"Sostenibilidad - La Aguada\" \/>\n<meta property=\"og:description\" content=\"Social Construimos relaciones s\u00f3lidas y duraderas con las personas que integran las comunidades de los territorios en que operamos, a trav\u00e9s de una comunicaci\u00f3n transparente y una mirada colaborativa que nos permiten apoyarles en el desarrollo de una mejor calidad de vida. Ambiental Somos conscientes de la importancia de cuidar y preservar el medio ambiente, [&hellip;]\" \/>\n<meta property=\"og:url\" content=\"https:\/\/frutoslaaguada.com\/en\/sostenibilidad\/\" \/>\n<meta property=\"og:site_name\" content=\"La Aguada\" \/>\n<meta property=\"article:modified_time\" content=\"2025-04-21T15:45:20+00:00\" \/>\n<meta property=\"og:image\" content=\"https:\/\/frutoslaaguada.com\/wp-content\/uploads\/2024\/11\/DSC00573-1-scaled.jpg\" \/>\n\t<meta property=\"og:image:width\" content=\"2560\" \/>\n\t<meta property=\"og:image:height\" content=\"1920\" \/>\n\t<meta property=\"og:image:type\" content=\"image\/jpeg\" \/>\n<meta name=\"twitter:card\" content=\"summary_large_image\" \/>\n<meta name=\"twitter:label1\" content=\"Est. reading time\" \/>\n\t<meta name=\"twitter:data1\" content=\"4 minutes\" \/>\n<script type=\"application\/ld+json\" class=\"yoast-schema-graph\">{\"@context\":\"https:\\\/\\\/schema.org\",\"@graph\":[{\"@type\":\"WebPage\",\"@id\":\"https:\\\/\\\/frutoslaaguada.com\\\/sostenibilidad\\\/\",\"url\":\"https:\\\/\\\/frutoslaaguada.com\\\/sostenibilidad\\\/\",\"name\":\"Sostenibilidad - La Aguada\",\"isPartOf\":{\"@id\":\"https:\\\/\\\/frutoslaaguada.com\\\/#website\"},\"primaryImageOfPage\":{\"@id\":\"https:\\\/\\\/frutoslaaguada.com\\\/sostenibilidad\\\/#primaryimage\"},\"image\":{\"@id\":\"https:\\\/\\\/frutoslaaguada.com\\\/sostenibilidad\\\/#primaryimage\"},\"thumbnailUrl\":\"https:\\\/\\\/frutoslaaguada.com\\\/wp-content\\\/uploads\\\/2024\\\/11\\\/DSC00573-1-1024x768.jpg\",\"datePublished\":\"2024-08-14T19:42:59+00:00\",\"dateModified\":\"2025-04-21T15:45:20+00:00\",\"breadcrumb\":{\"@id\":\"https:\\\/\\\/frutoslaaguada.com\\\/sostenibilidad\\\/#breadcrumb\"},\"inLanguage\":\"en-US\",\"potentialAction\":[{\"@type\":\"ReadAction\",\"target\":[\"https:\\\/\\\/frutoslaaguada.com\\\/sostenibilidad\\\/\"]}]},{\"@type\":\"ImageObject\",\"inLanguage\":\"en-US\",\"@id\":\"https:\\\/\\\/frutoslaaguada.com\\\/sostenibilidad\\\/#primaryimage\",\"url\":\"https:\\\/\\\/frutoslaaguada.com\\\/wp-content\\\/uploads\\\/2024\\\/11\\\/DSC00573-1-1024x768.jpg\",\"contentUrl\":\"https:\\\/\\\/frutoslaaguada.com\\\/wp-content\\\/uploads\\\/2024\\\/11\\\/DSC00573-1-1024x768.jpg\"},{\"@type\":\"BreadcrumbList\",\"@id\":\"https:\\\/\\\/frutoslaaguada.com\\\/sostenibilidad\\\/#breadcrumb\",\"itemListElement\":[{\"@type\":\"ListItem\",\"position\":1,\"name\":\"Home\",\"item\":\"https:\\\/\\\/frutoslaaguada.com\\\/\"},{\"@type\":\"ListItem\",\"position\":2,\"name\":\"Sostenibilidad\"}]},{\"@type\":\"WebSite\",\"@id\":\"https:\\\/\\\/frutoslaaguada.com\\\/#website\",\"url\":\"https:\\\/\\\/frutoslaaguada.com\\\/\",\"name\":\"La Aguada\",\"description\":\"\",\"publisher\":{\"@id\":\"https:\\\/\\\/frutoslaaguada.com\\\/#organization\"},\"potentialAction\":[{\"@type\":\"SearchAction\",\"target\":{\"@type\":\"EntryPoint\",\"urlTemplate\":\"https:\\\/\\\/frutoslaaguada.com\\\/?s={search_term_string}\"},\"query-input\":{\"@type\":\"PropertyValueSpecification\",\"valueRequired\":true,\"valueName\":\"search_term_string\"}}],\"inLanguage\":\"en-US\"},{\"@type\":\"Organization\",\"@id\":\"https:\\\/\\\/frutoslaaguada.com\\\/#organization\",\"name\":\"La Aguada\",\"url\":\"https:\\\/\\\/frutoslaaguada.com\\\/\",\"logo\":{\"@type\":\"ImageObject\",\"inLanguage\":\"en-US\",\"@id\":\"https:\\\/\\\/frutoslaaguada.com\\\/#\\\/schema\\\/logo\\\/image\\\/\",\"url\":\"https:\\\/\\\/frutoslaaguada.com\\\/wp-content\\\/uploads\\\/2024\\\/08\\\/cropped-LOGO-LA-AGUADA-OFICIAL-2018-ORIGINAL.png\",\"contentUrl\":\"https:\\\/\\\/frutoslaaguada.com\\\/wp-content\\\/uploads\\\/2024\\\/08\\\/cropped-LOGO-LA-AGUADA-OFICIAL-2018-ORIGINAL.png\",\"width\":670,\"height\":251,\"caption\":\"La Aguada\"},\"image\":{\"@id\":\"https:\\\/\\\/frutoslaaguada.com\\\/#\\\/schema\\\/logo\\\/image\\\/\"}}]}<\/script>\n<!-- \/ Yoast SEO plugin. -->","yoast_head_json":{"title":"Sostenibilidad - La Aguada","robots":{"index":"index","follow":"follow","max-snippet":"max-snippet:-1","max-image-preview":"max-image-preview:large","max-video-preview":"max-video-preview:-1"},"canonical":"https:\/\/frutoslaaguada.com\/en\/sostenibilidad\/","og_locale":"en_US","og_type":"article","og_title":"Sostenibilidad - La Aguada","og_description":"Social Construimos relaciones s\u00f3lidas y duraderas con las personas que integran las comunidades de los territorios en que operamos, a trav\u00e9s de una comunicaci\u00f3n transparente y una mirada colaborativa que nos permiten apoyarles en el desarrollo de una mejor calidad de vida. Ambiental Somos conscientes de la importancia de cuidar y preservar el medio ambiente, [&hellip;]","og_url":"https:\/\/frutoslaaguada.com\/en\/sostenibilidad\/","og_site_name":"La Aguada","article_modified_time":"2025-04-21T15:45:20+00:00","og_image":[{"width":2560,"height":1920,"url":"https:\/\/frutoslaaguada.com\/wp-content\/uploads\/2024\/11\/DSC00573-1-scaled.jpg","type":"image\/jpeg"}],"twitter_card":"summary_large_image","twitter_misc":{"Est. reading time":"4 minutes"},"schema":{"@context":"https:\/\/schema.org","@graph":[{"@type":"WebPage","@id":"https:\/\/frutoslaaguada.com\/sostenibilidad\/","url":"https:\/\/frutoslaaguada.com\/sostenibilidad\/","name":"Sostenibilidad - La Aguada","isPartOf":{"@id":"https:\/\/frutoslaaguada.com\/#website"},"primaryImageOfPage":{"@id":"https:\/\/frutoslaaguada.com\/sostenibilidad\/#primaryimage"},"image":{"@id":"https:\/\/frutoslaaguada.com\/sostenibilidad\/#primaryimage"},"thumbnailUrl":"https:\/\/frutoslaaguada.com\/wp-content\/uploads\/2024\/11\/DSC00573-1-1024x768.jpg","datePublished":"2024-08-14T19:42:59+00:00","dateModified":"2025-04-21T15:45:20+00:00","breadcrumb":{"@id":"https:\/\/frutoslaaguada.com\/sostenibilidad\/#breadcrumb"},"inLanguage":"en-US","potentialAction":[{"@type":"ReadAction","target":["https:\/\/frutoslaaguada.com\/sostenibilidad\/"]}]},{"@type":"ImageObject","inLanguage":"en-US","@id":"https:\/\/frutoslaaguada.com\/sostenibilidad\/#primaryimage","url":"https:\/\/frutoslaaguada.com\/wp-content\/uploads\/2024\/11\/DSC00573-1-1024x768.jpg","contentUrl":"https:\/\/frutoslaaguada.com\/wp-content\/uploads\/2024\/11\/DSC00573-1-1024x768.jpg"},{"@type":"BreadcrumbList","@id":"https:\/\/frutoslaaguada.com\/sostenibilidad\/#breadcrumb","itemListElement":[{"@type":"ListItem","position":1,"name":"Home","item":"https:\/\/frutoslaaguada.com\/"},{"@type":"ListItem","position":2,"name":"Sostenibilidad"}]},{"@type":"WebSite","@id":"https:\/\/frutoslaaguada.com\/#website","url":"https:\/\/frutoslaaguada.com\/","name":"La Aguada","description":"","publisher":{"@id":"https:\/\/frutoslaaguada.com\/#organization"},"potentialAction":[{"@type":"SearchAction","target":{"@type":"EntryPoint","urlTemplate":"https:\/\/frutoslaaguada.com\/?s={search_term_string}"},"query-input":{"@type":"PropertyValueSpecification","valueRequired":true,"valueName":"search_term_string"}}],"inLanguage":"en-US"},{"@type":"Organization","@id":"https:\/\/frutoslaaguada.com\/#organization","name":"La Aguada","url":"https:\/\/frutoslaaguada.com\/","logo":{"@type":"ImageObject","inLanguage":"en-US","@id":"https:\/\/frutoslaaguada.com\/#\/schema\/logo\/image\/","url":"https:\/\/frutoslaaguada.com\/wp-content\/uploads\/2024\/08\/cropped-LOGO-LA-AGUADA-OFICIAL-2018-ORIGINAL.png","contentUrl":"https:\/\/frutoslaaguada.com\/wp-content\/uploads\/2024\/08\/cropped-LOGO-LA-AGUADA-OFICIAL-2018-ORIGINAL.png","width":670,"height":251,"caption":"La Aguada"},"image":{"@id":"https:\/\/frutoslaaguada.com\/#\/schema\/logo\/image\/"}}]}},"_links":{"self":[{"href":"https:\/\/frutoslaaguada.com\/en\/wp-json\/wp\/v2\/pages\/61","targetHints":{"allow":["GET"]}}],"collection":[{"href":"https:\/\/frutoslaaguada.com\/en\/wp-json\/wp\/v2\/pages"}],"about":[{"href":"https:\/\/frutoslaaguada.com\/en\/wp-json\/wp\/v2\/types\/page"}],"author":[{"embeddable":true,"href":"https:\/\/frutoslaaguada.com\/en\/wp-json\/wp\/v2\/users\/1"}],"replies":[{"embeddable":true,"href":"https:\/\/frutoslaaguada.com\/en\/wp-json\/wp\/v2\/comments?post=61"}],"version-history":[{"count":111,"href":"https:\/\/frutoslaaguada.com\/en\/wp-json\/wp\/v2\/pages\/61\/revisions"}],"predecessor-version":[{"id":1444,"href":"https:\/\/frutoslaaguada.com\/en\/wp-json\/wp\/v2\/pages\/61\/revisions\/1444"}],"wp:attachment":[{"href":"https:\/\/frutoslaaguada.com\/en\/wp-json\/wp\/v2\/media?parent=61"}],"curies":[{"name":"wp","href":"https:\/\/api.w.org\/{rel}","templated":true}]}}