{"id":60,"date":"2024-08-14T19:42:59","date_gmt":"2024-08-14T19:42:59","guid":{"rendered":"https:\/\/frutoslaaguada.com\/contacto\/"},"modified":"2025-07-10T19:16:15","modified_gmt":"2025-07-10T19:16:15","slug":"contactanos","status":"publish","type":"page","link":"https:\/\/frutoslaaguada.com\/en\/contactanos\/","title":{"rendered":"Contact us"},"content":{"rendered":"<div data-elementor-type=\"wp-page\" data-elementor-id=\"60\" class=\"elementor elementor-60\">\n\t\t\t\t<div class=\"elementor-element elementor-element-6ebfa9a6 e-flex e-con-boxed e-con e-parent\" data-id=\"6ebfa9a6\" data-element_type=\"container\" data-e-type=\"container\">\n\t\t\t\t\t<div class=\"e-con-inner\">\n\t\t\t\t<div class=\"elementor-element elementor-element-768065f9 elementor-widget elementor-widget-text-editor\" data-id=\"768065f9\" data-element_type=\"widget\" data-e-type=\"widget\" data-widget_type=\"text-editor.default\">\n\t\t\t\t<div class=\"elementor-widget-container\">\n\t\t\t\t\t\t\t\t\t<div class=\"wp-block-cover alignwide has-parallax has-primary-color has-text-color has-link-color mb-0 mt-0\" style=\"min-height: 387px;\">\n<div class=\"wp-block-cover__image-background wp-image-1015 has-parallax\" style=\"background-position: 50% 50%; background-image: url('https:\/\/frutoslaaguada.com\/wp-content\/uploads\/2024\/11\/DSC09795v3-1-scaled.jpg');\">&nbsp;<\/div>\n<div class=\"wp-block-cover__inner-container\">\n<p><\/p>\n<h1 class=\"wp-block-heading has-secondary-color has-text-color has-link-color wp-elements-ca50282d0e170000b21b0f415eea1c5c\" style=\"font-size: 60px;\">Let's talk!<\/h1>\n<p><\/p>\n<\/div>\n<\/div>\n<p><!-- \/wp:cover --><!-- wp:paragraph --><\/p>\n<p><!-- \/wp:paragraph --><!-- wp:paragraph --><\/p>\n<p><br><\/p>\n<p><!-- \/wp:paragraph --><!-- wp:coblocks\/form --><\/p>\n<div class=\"wp-block-coblocks-form\">\n<p><!-- wp:coblocks\/field-name {\"required\":true,\"hasLastName\":true,\"metadata\":{\"name\":\"Nombre y apellidos\"}} \/--><!-- wp:coblocks\/field-email {\"required\":true} \/--><!-- wp:coblocks\/field-textarea {\"required\":true} \/--><!-- wp:coblocks\/field-submit-button {\"submitButtonText\":\"enviar\",\"customTextButtonColor\":\"rgb(255,255,255)\",\"className\":\"is-style-outline\"} \/--><!-- wp:spacer {\"height\":\"22px\"} --><\/p>\n<div class=\"wp-block-spacer\" style=\"height: 22px;\" aria-hidden=\"true\">&nbsp;<\/div>\n<p><!-- \/wp:spacer --><!-- wp:separator --><\/p>\n<hr class=\"wp-block-separator has-alpha-channel-opacity\">\n<p><!-- \/wp:separator --><!-- wp:paragraph --><\/p>\n<p><!-- \/wp:paragraph --><!-- wp:paragraph --><\/p>\n<p>Si quieres trabajar con nosotros o enviar cualquier comentario, te agradecemos hacerlo a trav\u00e9s del correo: jfloresm@frutoslaaguada.cl<\/p>\n<p>Tambi\u00e9n puedes contactar a nuestro Encargado de Prevenci\u00f3n de Delitos, Jorge Gonz\u00e1lez, en el correo: jgonzalezd@frutoslaaguada.cl<\/p>\n<p><!-- \/wp:paragraph --><\/p>\n<\/div>\n<p><!-- \/wp:coblocks\/form --><!-- wp:media-text {\"mediaPosition\":\"right\",\"mediaId\":702,\"mediaLink\":\"https:\/\/frutoslaaguada.com\/contacto\/arandano2_ilustracion\/\",\"mediaType\":\"image\",\"mediaWidth\":20} --><\/p>\n<div class=\"wp-block-media-text has-media-on-the-right is-stacked-on-mobile\" style=\"grid-template-columns: auto 20%;\">\n<div class=\"wp-block-media-text__content\">\n<p><!-- wp:paragraph --><\/p>\n<p><strong>La Aguada<\/strong><\/p>\n<p><!-- \/wp:paragraph --><!-- wp:paragraph --><\/p>\n<p><!-- \/wp:paragraph --><\/p>\n<\/div>\n<figure class=\"wp-block-media-text__media\"><img fetchpriority=\"high\" decoding=\"async\" width=\"606\" height=\"918\" class=\"wp-image-702 size-full\" src=\"https:\/\/frutoslaaguada.com\/wp-content\/uploads\/2024\/08\/arandano2_ilustracion.png\" alt=\"\" srcset=\"https:\/\/frutoslaaguada.com\/wp-content\/uploads\/2024\/08\/arandano2_ilustracion.png 606w, https:\/\/frutoslaaguada.com\/wp-content\/uploads\/2024\/08\/arandano2_ilustracion-198x300.png 198w\" sizes=\"(max-width: 606px) 100vw, 606px\" \/><\/figure>\n<\/div>\n<p><!-- \/wp:media-text --><\/p>\t\t\t\t\t\t\t\t<\/div>\n\t\t\t\t<\/div>\n\t\t\t\t\t<\/div>\n\t\t\t\t<\/div>\n\t\t\t\t<\/div>","protected":false},"excerpt":{"rendered":"<p>&nbsp; \u00a1Conversemos! &nbsp; Si quieres trabajar con nosotros o enviar cualquier comentario, te agradecemos hacerlo a trav\u00e9s del correo: jfloresm@frutoslaaguada.cl Tambi\u00e9n puedes contactar a nuestro Encargado de Prevenci\u00f3n de Delitos, Jorge Gonz\u00e1lez, en el correo: jgonzalezd@frutoslaaguada.cl Frutos La Aguada<\/p>","protected":false},"author":1,"featured_media":0,"parent":0,"menu_order":0,"comment_status":"closed","ping_status":"closed","template":"","meta":{"_coblocks_attr":"","_coblocks_dimensions":"","_coblocks_responsive_height":"","_coblocks_accordion_ie_support":"","hide_page_title":"","footnotes":""},"class_list":["post-60","page","type-page","status-publish","hentry"],"yoast_head":"<!-- This site is optimized with the Yoast SEO plugin v27.4 - https:\/\/yoast.com\/product\/yoast-seo-wordpress\/ -->\n<title>Cont\u00e1ctanos - La Aguada<\/title>\n<meta name=\"robots\" content=\"index, follow, max-snippet:-1, max-image-preview:large, max-video-preview:-1\" \/>\n<link rel=\"canonical\" href=\"https:\/\/frutoslaaguada.com\/en\/contactanos\/\" \/>\n<meta property=\"og:locale\" content=\"en_US\" \/>\n<meta property=\"og:type\" content=\"article\" \/>\n<meta property=\"og:title\" content=\"Cont\u00e1ctanos - La Aguada\" \/>\n<meta property=\"og:description\" content=\"&nbsp; \u00a1Conversemos! &nbsp; Si quieres trabajar con nosotros o enviar cualquier comentario, te agradecemos hacerlo a trav\u00e9s del correo: jfloresm@frutoslaaguada.cl Tambi\u00e9n puedes contactar a nuestro Encargado de Prevenci\u00f3n de Delitos, Jorge Gonz\u00e1lez, en el correo: jgonzalezd@frutoslaaguada.cl Frutos La Aguada\" \/>\n<meta property=\"og:url\" content=\"https:\/\/frutoslaaguada.com\/en\/contactanos\/\" \/>\n<meta property=\"og:site_name\" content=\"La Aguada\" \/>\n<meta property=\"article:modified_time\" content=\"2025-07-10T19:16:15+00:00\" \/>\n<meta property=\"og:image\" content=\"https:\/\/frutoslaaguada.com\/wp-content\/uploads\/2024\/08\/arandano2_ilustracion.png\" \/>\n\t<meta property=\"og:image:width\" content=\"606\" \/>\n\t<meta property=\"og:image:height\" content=\"918\" \/>\n\t<meta property=\"og:image:type\" content=\"image\/png\" \/>\n<meta name=\"twitter:card\" content=\"summary_large_image\" \/>\n<meta name=\"twitter:label1\" content=\"Est. reading time\" \/>\n\t<meta name=\"twitter:data1\" content=\"1 minute\" \/>\n<script type=\"application\/ld+json\" class=\"yoast-schema-graph\">{\"@context\":\"https:\\\/\\\/schema.org\",\"@graph\":[{\"@type\":\"WebPage\",\"@id\":\"https:\\\/\\\/frutoslaaguada.com\\\/contactanos\\\/\",\"url\":\"https:\\\/\\\/frutoslaaguada.com\\\/contactanos\\\/\",\"name\":\"Cont\u00e1ctanos - La Aguada\",\"isPartOf\":{\"@id\":\"https:\\\/\\\/frutoslaaguada.com\\\/#website\"},\"primaryImageOfPage\":{\"@id\":\"https:\\\/\\\/frutoslaaguada.com\\\/contactanos\\\/#primaryimage\"},\"image\":{\"@id\":\"https:\\\/\\\/frutoslaaguada.com\\\/contactanos\\\/#primaryimage\"},\"thumbnailUrl\":\"https:\\\/\\\/frutoslaaguada.com\\\/wp-content\\\/uploads\\\/2024\\\/08\\\/arandano2_ilustracion.png\",\"datePublished\":\"2024-08-14T19:42:59+00:00\",\"dateModified\":\"2025-07-10T19:16:15+00:00\",\"breadcrumb\":{\"@id\":\"https:\\\/\\\/frutoslaaguada.com\\\/contactanos\\\/#breadcrumb\"},\"inLanguage\":\"en-US\",\"potentialAction\":[{\"@type\":\"ReadAction\",\"target\":[\"https:\\\/\\\/frutoslaaguada.com\\\/contactanos\\\/\"]}]},{\"@type\":\"ImageObject\",\"inLanguage\":\"en-US\",\"@id\":\"https:\\\/\\\/frutoslaaguada.com\\\/contactanos\\\/#primaryimage\",\"url\":\"https:\\\/\\\/frutoslaaguada.com\\\/wp-content\\\/uploads\\\/2024\\\/08\\\/arandano2_ilustracion.png\",\"contentUrl\":\"https:\\\/\\\/frutoslaaguada.com\\\/wp-content\\\/uploads\\\/2024\\\/08\\\/arandano2_ilustracion.png\"},{\"@type\":\"BreadcrumbList\",\"@id\":\"https:\\\/\\\/frutoslaaguada.com\\\/contactanos\\\/#breadcrumb\",\"itemListElement\":[{\"@type\":\"ListItem\",\"position\":1,\"name\":\"Home\",\"item\":\"https:\\\/\\\/frutoslaaguada.com\\\/\"},{\"@type\":\"ListItem\",\"position\":2,\"name\":\"Cont\u00e1ctanos\"}]},{\"@type\":\"WebSite\",\"@id\":\"https:\\\/\\\/frutoslaaguada.com\\\/#website\",\"url\":\"https:\\\/\\\/frutoslaaguada.com\\\/\",\"name\":\"La Aguada\",\"description\":\"\",\"publisher\":{\"@id\":\"https:\\\/\\\/frutoslaaguada.com\\\/#organization\"},\"potentialAction\":[{\"@type\":\"SearchAction\",\"target\":{\"@type\":\"EntryPoint\",\"urlTemplate\":\"https:\\\/\\\/frutoslaaguada.com\\\/?s={search_term_string}\"},\"query-input\":{\"@type\":\"PropertyValueSpecification\",\"valueRequired\":true,\"valueName\":\"search_term_string\"}}],\"inLanguage\":\"en-US\"},{\"@type\":\"Organization\",\"@id\":\"https:\\\/\\\/frutoslaaguada.com\\\/#organization\",\"name\":\"La Aguada\",\"url\":\"https:\\\/\\\/frutoslaaguada.com\\\/\",\"logo\":{\"@type\":\"ImageObject\",\"inLanguage\":\"en-US\",\"@id\":\"https:\\\/\\\/frutoslaaguada.com\\\/#\\\/schema\\\/logo\\\/image\\\/\",\"url\":\"https:\\\/\\\/frutoslaaguada.com\\\/wp-content\\\/uploads\\\/2024\\\/08\\\/cropped-LOGO-LA-AGUADA-OFICIAL-2018-ORIGINAL.png\",\"contentUrl\":\"https:\\\/\\\/frutoslaaguada.com\\\/wp-content\\\/uploads\\\/2024\\\/08\\\/cropped-LOGO-LA-AGUADA-OFICIAL-2018-ORIGINAL.png\",\"width\":670,\"height\":251,\"caption\":\"La Aguada\"},\"image\":{\"@id\":\"https:\\\/\\\/frutoslaaguada.com\\\/#\\\/schema\\\/logo\\\/image\\\/\"}}]}<\/script>\n<!-- \/ Yoast SEO plugin. -->","yoast_head_json":{"title":"Cont\u00e1ctanos - La Aguada","robots":{"index":"index","follow":"follow","max-snippet":"max-snippet:-1","max-image-preview":"max-image-preview:large","max-video-preview":"max-video-preview:-1"},"canonical":"https:\/\/frutoslaaguada.com\/en\/contactanos\/","og_locale":"en_US","og_type":"article","og_title":"Cont\u00e1ctanos - La Aguada","og_description":"&nbsp; \u00a1Conversemos! &nbsp; Si quieres trabajar con nosotros o enviar cualquier comentario, te agradecemos hacerlo a trav\u00e9s del correo: jfloresm@frutoslaaguada.cl Tambi\u00e9n puedes contactar a nuestro Encargado de Prevenci\u00f3n de Delitos, Jorge Gonz\u00e1lez, en el correo: jgonzalezd@frutoslaaguada.cl Frutos La Aguada","og_url":"https:\/\/frutoslaaguada.com\/en\/contactanos\/","og_site_name":"La Aguada","article_modified_time":"2025-07-10T19:16:15+00:00","og_image":[{"width":606,"height":918,"url":"https:\/\/frutoslaaguada.com\/wp-content\/uploads\/2024\/08\/arandano2_ilustracion.png","type":"image\/png"}],"twitter_card":"summary_large_image","twitter_misc":{"Est. reading time":"1 minute"},"schema":{"@context":"https:\/\/schema.org","@graph":[{"@type":"WebPage","@id":"https:\/\/frutoslaaguada.com\/contactanos\/","url":"https:\/\/frutoslaaguada.com\/contactanos\/","name":"Cont\u00e1ctanos - La Aguada","isPartOf":{"@id":"https:\/\/frutoslaaguada.com\/#website"},"primaryImageOfPage":{"@id":"https:\/\/frutoslaaguada.com\/contactanos\/#primaryimage"},"image":{"@id":"https:\/\/frutoslaaguada.com\/contactanos\/#primaryimage"},"thumbnailUrl":"https:\/\/frutoslaaguada.com\/wp-content\/uploads\/2024\/08\/arandano2_ilustracion.png","datePublished":"2024-08-14T19:42:59+00:00","dateModified":"2025-07-10T19:16:15+00:00","breadcrumb":{"@id":"https:\/\/frutoslaaguada.com\/contactanos\/#breadcrumb"},"inLanguage":"en-US","potentialAction":[{"@type":"ReadAction","target":["https:\/\/frutoslaaguada.com\/contactanos\/"]}]},{"@type":"ImageObject","inLanguage":"en-US","@id":"https:\/\/frutoslaaguada.com\/contactanos\/#primaryimage","url":"https:\/\/frutoslaaguada.com\/wp-content\/uploads\/2024\/08\/arandano2_ilustracion.png","contentUrl":"https:\/\/frutoslaaguada.com\/wp-content\/uploads\/2024\/08\/arandano2_ilustracion.png"},{"@type":"BreadcrumbList","@id":"https:\/\/frutoslaaguada.com\/contactanos\/#breadcrumb","itemListElement":[{"@type":"ListItem","position":1,"name":"Home","item":"https:\/\/frutoslaaguada.com\/"},{"@type":"ListItem","position":2,"name":"Cont\u00e1ctanos"}]},{"@type":"WebSite","@id":"https:\/\/frutoslaaguada.com\/#website","url":"https:\/\/frutoslaaguada.com\/","name":"La Aguada","description":"","publisher":{"@id":"https:\/\/frutoslaaguada.com\/#organization"},"potentialAction":[{"@type":"SearchAction","target":{"@type":"EntryPoint","urlTemplate":"https:\/\/frutoslaaguada.com\/?s={search_term_string}"},"query-input":{"@type":"PropertyValueSpecification","valueRequired":true,"valueName":"search_term_string"}}],"inLanguage":"en-US"},{"@type":"Organization","@id":"https:\/\/frutoslaaguada.com\/#organization","name":"La Aguada","url":"https:\/\/frutoslaaguada.com\/","logo":{"@type":"ImageObject","inLanguage":"en-US","@id":"https:\/\/frutoslaaguada.com\/#\/schema\/logo\/image\/","url":"https:\/\/frutoslaaguada.com\/wp-content\/uploads\/2024\/08\/cropped-LOGO-LA-AGUADA-OFICIAL-2018-ORIGINAL.png","contentUrl":"https:\/\/frutoslaaguada.com\/wp-content\/uploads\/2024\/08\/cropped-LOGO-LA-AGUADA-OFICIAL-2018-ORIGINAL.png","width":670,"height":251,"caption":"La Aguada"},"image":{"@id":"https:\/\/frutoslaaguada.com\/#\/schema\/logo\/image\/"}}]}},"_links":{"self":[{"href":"https:\/\/frutoslaaguada.com\/en\/wp-json\/wp\/v2\/pages\/60","targetHints":{"allow":["GET"]}}],"collection":[{"href":"https:\/\/frutoslaaguada.com\/en\/wp-json\/wp\/v2\/pages"}],"about":[{"href":"https:\/\/frutoslaaguada.com\/en\/wp-json\/wp\/v2\/types\/page"}],"author":[{"embeddable":true,"href":"https:\/\/frutoslaaguada.com\/en\/wp-json\/wp\/v2\/users\/1"}],"replies":[{"embeddable":true,"href":"https:\/\/frutoslaaguada.com\/en\/wp-json\/wp\/v2\/comments?post=60"}],"version-history":[{"count":30,"href":"https:\/\/frutoslaaguada.com\/en\/wp-json\/wp\/v2\/pages\/60\/revisions"}],"predecessor-version":[{"id":1462,"href":"https:\/\/frutoslaaguada.com\/en\/wp-json\/wp\/v2\/pages\/60\/revisions\/1462"}],"wp:attachment":[{"href":"https:\/\/frutoslaaguada.com\/en\/wp-json\/wp\/v2\/media?parent=60"}],"curies":[{"name":"wp","href":"https:\/\/api.w.org\/{rel}","templated":true}]}}