{"id":59,"date":"2024-08-14T19:42:59","date_gmt":"2024-08-14T19:42:59","guid":{"rendered":"https:\/\/frutoslaaguada.com\/acerca-de\/"},"modified":"2024-12-26T15:41:03","modified_gmt":"2024-12-26T15:41:03","slug":"quienes-somos","status":"publish","type":"page","link":"https:\/\/frutoslaaguada.com\/en\/quienes-somos\/","title":{"rendered":"About us"},"content":{"rendered":"<div class=\"wp-block-cover alignwide has-parallax\"><span aria-hidden=\"true\" class=\"wp-block-cover__background has-background-dim-0 has-background-dim\" style=\"background-color:#FFF\"><\/span><div class=\"wp-block-cover__image-background wp-image-1072 has-parallax\" style=\"background-position:50% 50%;background-image:url(https:\/\/frutoslaaguada.com\/wp-content\/uploads\/2024\/11\/DSC06947-4-scaled.jpg)\"><\/div><div class=\"wp-block-cover__inner-container is-layout-constrained wp-block-cover-is-layout-constrained\">\n<h1 class=\"wp-block-heading has-text-align-center has-secondary-color has-text-color has-link-color wp-elements-ac1ab30115ff092e5b23db1dd3896dff\" style=\"font-size:60px\">About us<\/h1>\n<\/div><\/div>\n\n\n\n<div class=\"wp-block-cover alignwide is-light is-style-default has-quaternary-color has-text-color has-link-color mb-0 mt-0 wp-elements-2256325c29df400f79cf635177d0440e\" style=\"min-height:777px;aspect-ratio:unset;\"><span aria-hidden=\"true\" class=\"wp-block-cover__background has-black-background-color has-background-dim-0 has-background-dim\"><\/span><img fetchpriority=\"high\" decoding=\"async\" width=\"1080\" height=\"1080\" class=\"wp-block-cover__image-background wp-image-1146\" alt=\"\" src=\"https:\/\/frutoslaaguada.com\/wp-content\/uploads\/2024\/11\/fondo-arandanos.png\" data-object-fit=\"cover\" srcset=\"https:\/\/frutoslaaguada.com\/wp-content\/uploads\/2024\/11\/fondo-arandanos.png 1080w, https:\/\/frutoslaaguada.com\/wp-content\/uploads\/2024\/11\/fondo-arandanos-300x300.png 300w, https:\/\/frutoslaaguada.com\/wp-content\/uploads\/2024\/11\/fondo-arandanos-1024x1024.png 1024w, https:\/\/frutoslaaguada.com\/wp-content\/uploads\/2024\/11\/fondo-arandanos-150x150.png 150w, https:\/\/frutoslaaguada.com\/wp-content\/uploads\/2024\/11\/fondo-arandanos-768x768.png 768w, https:\/\/frutoslaaguada.com\/wp-content\/uploads\/2024\/11\/fondo-arandanos-12x12.png 12w\" sizes=\"(max-width: 1080px) 100vw, 1080px\" \/><div class=\"wp-block-cover__inner-container is-layout-flow wp-block-cover-is-layout-flow\">\n<h2 class=\"wp-block-heading has-text-color has-link-color wp-elements-de59264511e43e057d32e4734c44d807\" style=\"color:#404a61\">Our history<\/h2>\n\n\n\n<p class=\"has-quaternary-color has-text-color has-background has-link-color wp-elements-ee485715103d6190fc41e0220ccf9e82\" style=\"background-color:#2c3082ab;padding-top:0;padding-right:var(--wp--preset--spacing--40);padding-bottom:0;padding-left:var(--wp--preset--spacing--40)\">La Aguada is a family company, dedicated to growing, packing and exporting fresh, frozen and dehydrated fruits. We have been delivering quality products for 17 years, from the south of Chile, to countries around the entire world. Our operations are vertically integrated, which allows us to deliver a <strong>continuous, stable and secure supply, from sowing to commercialization<\/strong>.<\/p>\n\n\n\n<p class=\"has-text-align-left has-quaternary-color has-text-color has-background has-link-color wp-elements-4132d453252cee77b351780abcedb285\" style=\"background-color:#2c3082ab;padding-top:0;padding-right:var(--wp--preset--spacing--40);padding-bottom:0;padding-left:var(--wp--preset--spacing--40)\">We are motivated by a job well done and by opportunities for learning and innovation, we believe that it is always possible to find new ways to address challenges, and that teamwork is the basis of a consolidated and forward-looking company. <strong>We invite you to discover Frutos La Aguada.<\/strong><\/p>\n<\/div><\/div>\n\n\n<div class=\"wp-block-image\">\n<figure class=\"aligncenter size-full mb-0\"><a href=\"https:\/\/frutoslaaguada.com\/wp-content\/uploads\/2024\/11\/BrochureFLA_2024_OK_Pagina_03-scaled.jpg\"><img decoding=\"async\" width=\"1707\" height=\"2560\" src=\"https:\/\/frutoslaaguada.com\/wp-content\/uploads\/2024\/11\/BrochureFLA_2024_OK_Pagina_03-scaled.jpg\" alt=\"\" class=\"wp-image-1086\" srcset=\"https:\/\/frutoslaaguada.com\/wp-content\/uploads\/2024\/11\/BrochureFLA_2024_OK_Pagina_03-scaled.jpg 1707w, https:\/\/frutoslaaguada.com\/wp-content\/uploads\/2024\/11\/BrochureFLA_2024_OK_Pagina_03-200x300.jpg 200w, https:\/\/frutoslaaguada.com\/wp-content\/uploads\/2024\/11\/BrochureFLA_2024_OK_Pagina_03-683x1024.jpg 683w, https:\/\/frutoslaaguada.com\/wp-content\/uploads\/2024\/11\/BrochureFLA_2024_OK_Pagina_03-768x1152.jpg 768w, https:\/\/frutoslaaguada.com\/wp-content\/uploads\/2024\/11\/BrochureFLA_2024_OK_Pagina_03-1024x1536.jpg 1024w, https:\/\/frutoslaaguada.com\/wp-content\/uploads\/2024\/11\/BrochureFLA_2024_OK_Pagina_03-1366x2048.jpg 1366w, https:\/\/frutoslaaguada.com\/wp-content\/uploads\/2024\/11\/BrochureFLA_2024_OK_Pagina_03-8x12.jpg 8w\" sizes=\"(max-width: 1707px) 100vw, 1707px\" \/><\/a><\/figure><\/div>\n\n\n<div class=\"wp-block-columns is-layout-flex wp-container-core-columns-is-layout-9d6595d7 wp-block-columns-is-layout-flex\">\n<div class=\"wp-block-column is-layout-flow wp-block-column-is-layout-flow\" style=\"flex-basis:100%\">\n<div class=\"wp-block-columns is-layout-flex wp-container-core-columns-is-layout-9d6595d7 wp-block-columns-is-layout-flex\">\n<div class=\"wp-block-column is-layout-flow wp-block-column-is-layout-flow\" style=\"flex-basis:100%\">\n<div class=\"wp-block-cover is-light is-style-default has-primary-color has-text-color has-link-color mt-0 wp-elements-acdd2cf0b903174db62ac87bf4275f79\" style=\"padding-right:0;padding-left:0;min-height:976px;aspect-ratio:unset;\"><span aria-hidden=\"true\" class=\"wp-block-cover__background has-primary-background-color has-background-dim-10 has-background-dim\"><\/span><div class=\"wp-block-cover__inner-container is-layout-constrained wp-container-core-cover-is-layout-a7c31ef8 wp-block-cover-is-layout-constrained\">\n<h2 class=\"wp-block-heading has-text-color has-link-color wp-elements-735dbb9dba88402e19e16e74c543b340\" style=\"color:#404a61\">Our values<\/h2>\n\n\n\n<div class=\"wp-block-columns are-vertically-aligned-center is-not-stacked-on-mobile is-style-default is-layout-flex wp-container-core-columns-is-layout-d735db0d wp-block-columns-is-layout-flex\" style=\"padding-top:0;padding-right:0;padding-bottom:0;padding-left:0\">\n<div class=\"wp-block-column is-vertically-aligned-center is-layout-flow wp-block-column-is-layout-flow\">\n<figure class=\"wp-block-image size-full\"><img decoding=\"async\" width=\"200\" height=\"200\" src=\"https:\/\/frutoslaaguada.com\/wp-content\/uploads\/2024\/08\/e-2.png\" alt=\"\" class=\"wp-image-584\" style=\"object-fit:cover\" srcset=\"https:\/\/frutoslaaguada.com\/wp-content\/uploads\/2024\/08\/e-2.png 200w, https:\/\/frutoslaaguada.com\/wp-content\/uploads\/2024\/08\/e-2-150x150.png 150w\" sizes=\"(max-width: 200px) 100vw, 200px\" \/><\/figure>\n<\/div>\n\n\n\n<div class=\"wp-block-column is-vertically-aligned-center is-layout-flow wp-block-column-is-layout-flow\" style=\"flex-basis:70%\">\n<p class=\"is-style-info has-quaternary-background-color has-text-color has-background has-link-color has-custom-lineheight wp-elements-b901841f323de24723f3b801905beebc\" style=\"color:#404a61;line-height:1.38;font-size:14px\"><strong>Responsibility: <\/strong>We conduct our business in\nrecognition of our responsibility to customers,\nemployees, local communities, and the environment.<\/p>\n<\/div>\n<\/div>\n\n\n\n<div class=\"wp-block-columns are-vertically-aligned-center is-not-stacked-on-mobile is-layout-flex wp-container-core-columns-is-layout-62db62f3 wp-block-columns-is-layout-flex\" style=\"padding-top:0;padding-bottom:0\">\n<div class=\"wp-block-column is-vertically-aligned-center is-layout-flow wp-block-column-is-layout-flow\">\n<figure class=\"wp-block-image size-full\"><img loading=\"lazy\" decoding=\"async\" width=\"200\" height=\"200\" src=\"https:\/\/frutoslaaguada.com\/wp-content\/uploads\/2024\/08\/d.png\" alt=\"\" class=\"wp-image-554\" style=\"object-fit:cover\" srcset=\"https:\/\/frutoslaaguada.com\/wp-content\/uploads\/2024\/08\/d.png 200w, https:\/\/frutoslaaguada.com\/wp-content\/uploads\/2024\/08\/d-150x150.png 150w\" sizes=\"(max-width: 200px) 100vw, 200px\" \/><\/figure>\n<\/div>\n\n\n\n<div class=\"wp-block-column is-vertically-aligned-center is-layout-flow wp-block-column-is-layout-flow\" style=\"flex-basis:70%\">\n<p class=\"is-style-info has-quaternary-background-color has-text-color has-background has-link-color has-custom-lineheight wp-elements-ff73e1e866671d80199eb3cfd37e5394\" style=\"color:#404a61;font-size:14px;line-height:1.38\"><strong>Innovation:<\/strong> Creativity and originality in dealing with\nnew as well as everyday tasks. Constant search for improvement.<\/p>\n<\/div>\n<\/div>\n\n\n\n<div class=\"wp-block-columns are-vertically-aligned-center is-not-stacked-on-mobile is-layout-flex wp-container-core-columns-is-layout-62db62f3 wp-block-columns-is-layout-flex\" style=\"padding-top:0;padding-bottom:0\">\n<div class=\"wp-block-column is-vertically-aligned-center is-layout-flow wp-block-column-is-layout-flow\">\n<figure class=\"wp-block-image size-full\"><img decoding=\"async\" width=\"200\" height=\"200\" src=\"https:\/\/frutoslaaguada.com\/wp-content\/uploads\/2024\/08\/e-2.png\" alt=\"\" class=\"wp-image-584\" style=\"object-fit:cover\" srcset=\"https:\/\/frutoslaaguada.com\/wp-content\/uploads\/2024\/08\/e-2.png 200w, https:\/\/frutoslaaguada.com\/wp-content\/uploads\/2024\/08\/e-2-150x150.png 150w\" sizes=\"(max-width: 200px) 100vw, 200px\" \/><\/figure>\n<\/div>\n\n\n\n<div class=\"wp-block-column is-vertically-aligned-center is-layout-flow wp-block-column-is-layout-flow\" style=\"flex-basis:70%\">\n<p class=\"is-style-info has-quaternary-background-color has-text-color has-background has-link-color has-custom-lineheight wp-elements-0671cc67e28449f571d01614cb060f64\" style=\"color:#404a61;font-size:14px;line-height:1.38\"><strong>Integrity: <\/strong>Our conduct is governed by ethical principles\nand values, and decisions are made based on them.<\/p>\n<\/div>\n<\/div>\n\n\n\n<div class=\"wp-block-columns are-vertically-aligned-center is-not-stacked-on-mobile is-layout-flex wp-container-core-columns-is-layout-62db62f3 wp-block-columns-is-layout-flex\" style=\"padding-top:0;padding-bottom:0\">\n<div class=\"wp-block-column is-vertically-aligned-center is-layout-flow wp-block-column-is-layout-flow\">\n<figure class=\"wp-block-image size-full\"><img loading=\"lazy\" decoding=\"async\" width=\"200\" height=\"200\" src=\"https:\/\/frutoslaaguada.com\/wp-content\/uploads\/2024\/08\/d.png\" alt=\"\" class=\"wp-image-554\" style=\"object-fit:cover\" srcset=\"https:\/\/frutoslaaguada.com\/wp-content\/uploads\/2024\/08\/d.png 200w, https:\/\/frutoslaaguada.com\/wp-content\/uploads\/2024\/08\/d-150x150.png 150w\" sizes=\"(max-width: 200px) 100vw, 200px\" \/><\/figure>\n<\/div>\n\n\n\n<div class=\"wp-block-column is-vertically-aligned-center is-layout-flow wp-block-column-is-layout-flow\" style=\"flex-basis:70%\">\n<p class=\"is-style-info has-quaternary-background-color has-text-color has-background has-link-color has-custom-lineheight wp-elements-3760268ba0ac79bfb24b326a4466a5ae\" style=\"color:#404a61;font-size:14px;line-height:1.38\"><strong>Sustainability:<\/strong> Minimizing the environmental\nimpact of our operations by adopting sustainable\nagricultural practices.<\/p>\n<\/div>\n<\/div>\n\n\n\n<div class=\"wp-block-columns is-not-stacked-on-mobile is-layout-flex wp-container-core-columns-is-layout-62db62f3 wp-block-columns-is-layout-flex\" style=\"padding-top:0;padding-bottom:0\">\n<div class=\"wp-block-column is-vertically-aligned-center is-layout-flow wp-block-column-is-layout-flow\">\n<figure class=\"wp-block-image size-full\"><img loading=\"lazy\" decoding=\"async\" width=\"200\" height=\"200\" src=\"https:\/\/frutoslaaguada.com\/wp-content\/uploads\/2024\/08\/e.png\" alt=\"\" class=\"wp-image-557\" style=\"object-fit:cover\" srcset=\"https:\/\/frutoslaaguada.com\/wp-content\/uploads\/2024\/08\/e.png 200w, https:\/\/frutoslaaguada.com\/wp-content\/uploads\/2024\/08\/e-150x150.png 150w\" sizes=\"(max-width: 200px) 100vw, 200px\" \/><\/figure>\n<\/div>\n\n\n\n<div class=\"wp-block-column is-vertically-aligned-center is-layout-flow wp-block-column-is-layout-flow\" style=\"flex-basis:70%\">\n<p class=\"is-style-info has-quaternary-background-color has-text-color has-background has-link-color has-custom-lineheight wp-elements-23e44db435b357e26775f2ab86b556ed\" style=\"color:#404a61;font-size:14px;line-height:1.38\"><strong>Passion: <\/strong>Involvement and enthusiasm for the work\nwe do every day.<\/p>\n<\/div>\n<\/div>\n<\/div><\/div>\n<\/div>\n<\/div>\n<\/div>\n<\/div>\n\n\n\n<h2 class=\"wp-block-heading has-text-color has-link-color wp-elements-d1b00525997b7724a1303692bf97e1a8\" style=\"color:#404a61\">Our facilities<\/h2>\n\n\n\n<h3 class=\"wp-block-heading has-text-color has-link-color wp-elements-b8caadb02a64a859ea812255ebcf9144\" style=\"color:#404a61\">Fields<\/h3>\n\n\n\n<div class=\"wp-block-media-text is-stacked-on-mobile\"><figure class=\"wp-block-media-text__media\"><img loading=\"lazy\" decoding=\"async\" width=\"396\" height=\"1024\" src=\"https:\/\/frutoslaaguada.com\/wp-content\/uploads\/2024\/12\/BrochureFLA_2024_OK_Pagina_02-396x1024.jpg\" alt=\"\" class=\"wp-image-1422 size-full\" srcset=\"https:\/\/frutoslaaguada.com\/wp-content\/uploads\/2024\/12\/BrochureFLA_2024_OK_Pagina_02-396x1024.jpg 396w, https:\/\/frutoslaaguada.com\/wp-content\/uploads\/2024\/12\/BrochureFLA_2024_OK_Pagina_02-116x300.jpg 116w, https:\/\/frutoslaaguada.com\/wp-content\/uploads\/2024\/12\/BrochureFLA_2024_OK_Pagina_02-768x1984.jpg 768w, https:\/\/frutoslaaguada.com\/wp-content\/uploads\/2024\/12\/BrochureFLA_2024_OK_Pagina_02-793x2048.jpg 793w, https:\/\/frutoslaaguada.com\/wp-content\/uploads\/2024\/12\/BrochureFLA_2024_OK_Pagina_02-5x12.jpg 5w, https:\/\/frutoslaaguada.com\/wp-content\/uploads\/2024\/12\/BrochureFLA_2024_OK_Pagina_02-scaled.jpg 991w\" sizes=\"(max-width: 396px) 100vw, 396px\" \/><\/figure><div class=\"wp-block-media-text__content\">\n<p><\/p>\n<\/div><\/div>\n\n\n\n<h3 class=\"wp-block-heading has-text-color has-link-color wp-elements-bf2e0f80f6b2c70c31a4e0298e010b79\" style=\"color:#404a61\">Processing plant<\/h3>\n\n\n\n<div class=\"wp-block-media-text has-media-on-the-right is-stacked-on-mobile is-image-fill-element\" style=\"padding-top:var(--wp--preset--spacing--30);padding-bottom:var(--wp--preset--spacing--30)\"><div class=\"wp-block-media-text__content\">\n<p class=\"has-text-color has-link-color wp-elements-d5b3e9757f8ae332774b4094e776ef4d\" style=\"color:#404a61\">Our processing plant is located in Rio Bueno, and it is there where we cool, process and pack our fruits according to different available formats and customer requirements.<\/p>\n\n\n\n<p class=\"has-text-color has-link-color wp-elements-44bf63d65210c1c57412db0e3a7a948b\" style=\"color:#404a61\">Our state-of-the-art machinery allows a better selection of each fruit, in addition to grading its size and quality. In this way, we add value in order to promote development, growth and innovation.<\/p>\n\n\n\n<p class=\"has-text-color has-link-color wp-elements-4da4e2ecab39c3e46ddbdd40b83cea0f\" style=\"color:#404a61\">In the case of frozen fruits, we have a continuous air tunnel, and for dehydration, an electric oven with forced hot air. Both our plant and those of third parties that we use comply with all regulations and certifications in force for quality and food safety.<\/p>\n<\/div><figure class=\"wp-block-media-text__media\"><img loading=\"lazy\" decoding=\"async\" width=\"1024\" height=\"768\" src=\"https:\/\/frutoslaaguada.com\/wp-content\/uploads\/2024\/11\/DSC06053-2-1024x768.jpg\" alt=\"\" class=\"wp-image-969 size-full\" style=\"object-position:50% 50%\" srcset=\"https:\/\/frutoslaaguada.com\/wp-content\/uploads\/2024\/11\/DSC06053-2-1024x768.jpg 1024w, https:\/\/frutoslaaguada.com\/wp-content\/uploads\/2024\/11\/DSC06053-2-300x225.jpg 300w, https:\/\/frutoslaaguada.com\/wp-content\/uploads\/2024\/11\/DSC06053-2-768x576.jpg 768w, https:\/\/frutoslaaguada.com\/wp-content\/uploads\/2024\/11\/DSC06053-2-1536x1152.jpg 1536w, https:\/\/frutoslaaguada.com\/wp-content\/uploads\/2024\/11\/DSC06053-2-2048x1536.jpg 2048w, https:\/\/frutoslaaguada.com\/wp-content\/uploads\/2024\/11\/DSC06053-2-16x12.jpg 16w\" sizes=\"(max-width: 1024px) 100vw, 1024px\" \/><\/figure><\/div>\n\n\n\n<p><\/p>","protected":false},"excerpt":{"rendered":"<p>Nuestras instalaciones Campos Planta de procesos Nuestra planta de procesos est\u00e1 ubicada en R\u00edo Bueno, y es all\u00ed donde enfriamos, procesamos y empacamos nuestras frutas de acuerdo con diferentes formatos disponibles y requerimientos de clientes. Nuestra maquinaria de \u00faltima generaci\u00f3n permite una mejor selecci\u00f3n de cada fruta, adem\u00e1s de graduar su tama\u00f1o y calidad. De [&hellip;]<\/p>\n","protected":false},"author":1,"featured_media":0,"parent":0,"menu_order":0,"comment_status":"closed","ping_status":"closed","template":"","meta":{"_coblocks_attr":"Helvetica,","_coblocks_dimensions":"","_coblocks_responsive_height":"","_coblocks_accordion_ie_support":"","hide_page_title":"","footnotes":""},"class_list":["post-59","page","type-page","status-publish","hentry"],"yoast_head":"<!-- This site is optimized with the Yoast SEO plugin v27.4 - https:\/\/yoast.com\/product\/yoast-seo-wordpress\/ -->\n<title>Qui\u00e9nes somos - La Aguada<\/title>\n<meta name=\"robots\" content=\"index, follow, max-snippet:-1, max-image-preview:large, max-video-preview:-1\" \/>\n<link rel=\"canonical\" href=\"https:\/\/frutoslaaguada.com\/en\/quienes-somos\/\" \/>\n<meta property=\"og:locale\" content=\"en_US\" \/>\n<meta property=\"og:type\" content=\"article\" \/>\n<meta property=\"og:title\" content=\"Qui\u00e9nes somos - La Aguada\" \/>\n<meta property=\"og:description\" content=\"Nuestras instalaciones Campos Planta de procesos Nuestra planta de procesos est\u00e1 ubicada en R\u00edo Bueno, y es all\u00ed donde enfriamos, procesamos y empacamos nuestras frutas de acuerdo con diferentes formatos disponibles y requerimientos de clientes. Nuestra maquinaria de \u00faltima generaci\u00f3n permite una mejor selecci\u00f3n de cada fruta, adem\u00e1s de graduar su tama\u00f1o y calidad. De [&hellip;]\" \/>\n<meta property=\"og:url\" content=\"https:\/\/frutoslaaguada.com\/en\/quienes-somos\/\" \/>\n<meta property=\"og:site_name\" content=\"La Aguada\" \/>\n<meta property=\"article:modified_time\" content=\"2024-12-26T15:41:03+00:00\" \/>\n<meta property=\"og:image\" content=\"https:\/\/frutoslaaguada.com\/wp-content\/uploads\/2024\/11\/fondo-arandanos.png\" \/>\n\t<meta property=\"og:image:width\" content=\"1080\" \/>\n\t<meta property=\"og:image:height\" content=\"1080\" \/>\n\t<meta property=\"og:image:type\" content=\"image\/png\" \/>\n<meta name=\"twitter:card\" content=\"summary_large_image\" \/>\n<meta name=\"twitter:label1\" content=\"Est. reading time\" \/>\n\t<meta name=\"twitter:data1\" content=\"4 minutes\" \/>\n<script type=\"application\/ld+json\" class=\"yoast-schema-graph\">{\"@context\":\"https:\\\/\\\/schema.org\",\"@graph\":[{\"@type\":\"WebPage\",\"@id\":\"https:\\\/\\\/frutoslaaguada.com\\\/quienes-somos\\\/\",\"url\":\"https:\\\/\\\/frutoslaaguada.com\\\/quienes-somos\\\/\",\"name\":\"Qui\u00e9nes somos - La Aguada\",\"isPartOf\":{\"@id\":\"https:\\\/\\\/frutoslaaguada.com\\\/#website\"},\"primaryImageOfPage\":{\"@id\":\"https:\\\/\\\/frutoslaaguada.com\\\/quienes-somos\\\/#primaryimage\"},\"image\":{\"@id\":\"https:\\\/\\\/frutoslaaguada.com\\\/quienes-somos\\\/#primaryimage\"},\"thumbnailUrl\":\"https:\\\/\\\/frutoslaaguada.com\\\/wp-content\\\/uploads\\\/2024\\\/11\\\/fondo-arandanos.png\",\"datePublished\":\"2024-08-14T19:42:59+00:00\",\"dateModified\":\"2024-12-26T15:41:03+00:00\",\"breadcrumb\":{\"@id\":\"https:\\\/\\\/frutoslaaguada.com\\\/quienes-somos\\\/#breadcrumb\"},\"inLanguage\":\"en-US\",\"potentialAction\":[{\"@type\":\"ReadAction\",\"target\":[\"https:\\\/\\\/frutoslaaguada.com\\\/quienes-somos\\\/\"]}]},{\"@type\":\"ImageObject\",\"inLanguage\":\"en-US\",\"@id\":\"https:\\\/\\\/frutoslaaguada.com\\\/quienes-somos\\\/#primaryimage\",\"url\":\"https:\\\/\\\/frutoslaaguada.com\\\/wp-content\\\/uploads\\\/2024\\\/11\\\/fondo-arandanos.png\",\"contentUrl\":\"https:\\\/\\\/frutoslaaguada.com\\\/wp-content\\\/uploads\\\/2024\\\/11\\\/fondo-arandanos.png\"},{\"@type\":\"BreadcrumbList\",\"@id\":\"https:\\\/\\\/frutoslaaguada.com\\\/quienes-somos\\\/#breadcrumb\",\"itemListElement\":[{\"@type\":\"ListItem\",\"position\":1,\"name\":\"Home\",\"item\":\"https:\\\/\\\/frutoslaaguada.com\\\/\"},{\"@type\":\"ListItem\",\"position\":2,\"name\":\"Qui\u00e9nes somos\"}]},{\"@type\":\"WebSite\",\"@id\":\"https:\\\/\\\/frutoslaaguada.com\\\/#website\",\"url\":\"https:\\\/\\\/frutoslaaguada.com\\\/\",\"name\":\"La Aguada\",\"description\":\"\",\"publisher\":{\"@id\":\"https:\\\/\\\/frutoslaaguada.com\\\/#organization\"},\"potentialAction\":[{\"@type\":\"SearchAction\",\"target\":{\"@type\":\"EntryPoint\",\"urlTemplate\":\"https:\\\/\\\/frutoslaaguada.com\\\/?s={search_term_string}\"},\"query-input\":{\"@type\":\"PropertyValueSpecification\",\"valueRequired\":true,\"valueName\":\"search_term_string\"}}],\"inLanguage\":\"en-US\"},{\"@type\":\"Organization\",\"@id\":\"https:\\\/\\\/frutoslaaguada.com\\\/#organization\",\"name\":\"La Aguada\",\"url\":\"https:\\\/\\\/frutoslaaguada.com\\\/\",\"logo\":{\"@type\":\"ImageObject\",\"inLanguage\":\"en-US\",\"@id\":\"https:\\\/\\\/frutoslaaguada.com\\\/#\\\/schema\\\/logo\\\/image\\\/\",\"url\":\"https:\\\/\\\/frutoslaaguada.com\\\/wp-content\\\/uploads\\\/2024\\\/08\\\/cropped-LOGO-LA-AGUADA-OFICIAL-2018-ORIGINAL.png\",\"contentUrl\":\"https:\\\/\\\/frutoslaaguada.com\\\/wp-content\\\/uploads\\\/2024\\\/08\\\/cropped-LOGO-LA-AGUADA-OFICIAL-2018-ORIGINAL.png\",\"width\":670,\"height\":251,\"caption\":\"La Aguada\"},\"image\":{\"@id\":\"https:\\\/\\\/frutoslaaguada.com\\\/#\\\/schema\\\/logo\\\/image\\\/\"}}]}<\/script>\n<!-- \/ Yoast SEO plugin. -->","yoast_head_json":{"title":"Qui\u00e9nes somos - La Aguada","robots":{"index":"index","follow":"follow","max-snippet":"max-snippet:-1","max-image-preview":"max-image-preview:large","max-video-preview":"max-video-preview:-1"},"canonical":"https:\/\/frutoslaaguada.com\/en\/quienes-somos\/","og_locale":"en_US","og_type":"article","og_title":"Qui\u00e9nes somos - La Aguada","og_description":"Nuestras instalaciones Campos Planta de procesos Nuestra planta de procesos est\u00e1 ubicada en R\u00edo Bueno, y es all\u00ed donde enfriamos, procesamos y empacamos nuestras frutas de acuerdo con diferentes formatos disponibles y requerimientos de clientes. Nuestra maquinaria de \u00faltima generaci\u00f3n permite una mejor selecci\u00f3n de cada fruta, adem\u00e1s de graduar su tama\u00f1o y calidad. De [&hellip;]","og_url":"https:\/\/frutoslaaguada.com\/en\/quienes-somos\/","og_site_name":"La Aguada","article_modified_time":"2024-12-26T15:41:03+00:00","og_image":[{"width":1080,"height":1080,"url":"https:\/\/frutoslaaguada.com\/wp-content\/uploads\/2024\/11\/fondo-arandanos.png","type":"image\/png"}],"twitter_card":"summary_large_image","twitter_misc":{"Est. reading time":"4 minutes"},"schema":{"@context":"https:\/\/schema.org","@graph":[{"@type":"WebPage","@id":"https:\/\/frutoslaaguada.com\/quienes-somos\/","url":"https:\/\/frutoslaaguada.com\/quienes-somos\/","name":"Qui\u00e9nes somos - La Aguada","isPartOf":{"@id":"https:\/\/frutoslaaguada.com\/#website"},"primaryImageOfPage":{"@id":"https:\/\/frutoslaaguada.com\/quienes-somos\/#primaryimage"},"image":{"@id":"https:\/\/frutoslaaguada.com\/quienes-somos\/#primaryimage"},"thumbnailUrl":"https:\/\/frutoslaaguada.com\/wp-content\/uploads\/2024\/11\/fondo-arandanos.png","datePublished":"2024-08-14T19:42:59+00:00","dateModified":"2024-12-26T15:41:03+00:00","breadcrumb":{"@id":"https:\/\/frutoslaaguada.com\/quienes-somos\/#breadcrumb"},"inLanguage":"en-US","potentialAction":[{"@type":"ReadAction","target":["https:\/\/frutoslaaguada.com\/quienes-somos\/"]}]},{"@type":"ImageObject","inLanguage":"en-US","@id":"https:\/\/frutoslaaguada.com\/quienes-somos\/#primaryimage","url":"https:\/\/frutoslaaguada.com\/wp-content\/uploads\/2024\/11\/fondo-arandanos.png","contentUrl":"https:\/\/frutoslaaguada.com\/wp-content\/uploads\/2024\/11\/fondo-arandanos.png"},{"@type":"BreadcrumbList","@id":"https:\/\/frutoslaaguada.com\/quienes-somos\/#breadcrumb","itemListElement":[{"@type":"ListItem","position":1,"name":"Home","item":"https:\/\/frutoslaaguada.com\/"},{"@type":"ListItem","position":2,"name":"Qui\u00e9nes somos"}]},{"@type":"WebSite","@id":"https:\/\/frutoslaaguada.com\/#website","url":"https:\/\/frutoslaaguada.com\/","name":"La Aguada","description":"","publisher":{"@id":"https:\/\/frutoslaaguada.com\/#organization"},"potentialAction":[{"@type":"SearchAction","target":{"@type":"EntryPoint","urlTemplate":"https:\/\/frutoslaaguada.com\/?s={search_term_string}"},"query-input":{"@type":"PropertyValueSpecification","valueRequired":true,"valueName":"search_term_string"}}],"inLanguage":"en-US"},{"@type":"Organization","@id":"https:\/\/frutoslaaguada.com\/#organization","name":"La Aguada","url":"https:\/\/frutoslaaguada.com\/","logo":{"@type":"ImageObject","inLanguage":"en-US","@id":"https:\/\/frutoslaaguada.com\/#\/schema\/logo\/image\/","url":"https:\/\/frutoslaaguada.com\/wp-content\/uploads\/2024\/08\/cropped-LOGO-LA-AGUADA-OFICIAL-2018-ORIGINAL.png","contentUrl":"https:\/\/frutoslaaguada.com\/wp-content\/uploads\/2024\/08\/cropped-LOGO-LA-AGUADA-OFICIAL-2018-ORIGINAL.png","width":670,"height":251,"caption":"La Aguada"},"image":{"@id":"https:\/\/frutoslaaguada.com\/#\/schema\/logo\/image\/"}}]}},"_links":{"self":[{"href":"https:\/\/frutoslaaguada.com\/en\/wp-json\/wp\/v2\/pages\/59","targetHints":{"allow":["GET"]}}],"collection":[{"href":"https:\/\/frutoslaaguada.com\/en\/wp-json\/wp\/v2\/pages"}],"about":[{"href":"https:\/\/frutoslaaguada.com\/en\/wp-json\/wp\/v2\/types\/page"}],"author":[{"embeddable":true,"href":"https:\/\/frutoslaaguada.com\/en\/wp-json\/wp\/v2\/users\/1"}],"replies":[{"embeddable":true,"href":"https:\/\/frutoslaaguada.com\/en\/wp-json\/wp\/v2\/comments?post=59"}],"version-history":[{"count":177,"href":"https:\/\/frutoslaaguada.com\/en\/wp-json\/wp\/v2\/pages\/59\/revisions"}],"predecessor-version":[{"id":1423,"href":"https:\/\/frutoslaaguada.com\/en\/wp-json\/wp\/v2\/pages\/59\/revisions\/1423"}],"wp:attachment":[{"href":"https:\/\/frutoslaaguada.com\/en\/wp-json\/wp\/v2\/media?parent=59"}],"curies":[{"name":"wp","href":"https:\/\/api.w.org\/{rel}","templated":true}]}}